{"id":4231,"date":"2025-01-01T11:59:14","date_gmt":"2025-01-01T11:59:14","guid":{"rendered":"https:\/\/renda-perfumes.anmka.com\/?post_type=product&#038;p=4231"},"modified":"2025-01-01T12:00:02","modified_gmt":"2025-01-01T12:00:02","slug":"si-intense-eau-de-parfum-100ml","status":"publish","type":"product","link":"https:\/\/renda-perfumes.anmka.com\/ar\/product\/si-intense-eau-de-parfum-100ml\/","title":{"rendered":"S\u00cc INTENSE Eau de Parfum 100ml"},"content":{"rendered":"<p>S\u00ec is the most powerful word. Feel the power of S\u00ec with the new eau de parfum intense and embrace the infinite possibilities of life. The new contrasting and hyper-sensory fragrance is wrapped in an ambery structure. It\u2019s a blend of the signature blackcurrant nectar empowered by a velvety floral heart and a sensual vanilla bouquet. Crafted with a unique glass making savoir-faire, the new jewel bottle is adorned by the golden S\u00ec logo, embossed in the glass. It is a powerful statement to invite every woman to say S\u00ec. The precious bottle is designed to last, refillable and recyclable.<\/p>\n<p>Crafted with a unique glass-making savoir-faire, the iconic S\u00ec bottle shape is now adorned with an impactful, majestic golden S\u00ec logo embossed in the glass. This precious bottle is designed to last, refillable and recyclable. It\u2019s a powerful statement to invite each woman to say S\u00ec.<\/p>","protected":false},"excerpt":{"rendered":"<p>Vendor: Giorgio<br \/>\nAvailability: In Stock<br \/>\nProduct Type: FRAGRANCE<\/p>","protected":false},"featured_media":4232,"comment_status":"open","ping_status":"closed","template":"","meta":{"site-sidebar-layout":"default","site-content-layout":"","ast-site-content-layout":"default","site-content-style":"default","site-sidebar-style":"default","ast-global-header-display":"","ast-banner-title-visibility":"","ast-main-header-display":"","ast-hfb-above-header-display":"","ast-hfb-below-header-display":"","ast-hfb-mobile-header-display":"","site-post-title":"","ast-breadcrumbs-content":"","ast-featured-img":"","footer-sml-layout":"","theme-transparent-header-meta":"default","adv-header-id-meta":"","stick-header-meta":"","header-above-stick-meta":"","header-main-stick-meta":"","header-below-stick-meta":"","astra-migrate-meta-layouts":"set","ast-page-background-enabled":"default","ast-page-background-meta":{"desktop":{"background-color":"var(--ast-global-color-4)","background-image":"","background-repeat":"repeat","background-position":"center center","background-size":"auto","background-attachment":"scroll","background-type":"","background-media":"","overlay-type":"","overlay-color":"","overlay-opacity":"","overlay-gradient":""},"tablet":{"background-color":"","background-image":"","background-repeat":"repeat","background-position":"center center","background-size":"auto","background-attachment":"scroll","background-type":"","background-media":"","overlay-type":"","overlay-color":"","overlay-opacity":"","overlay-gradient":""},"mobile":{"background-color":"","background-image":"","background-repeat":"repeat","background-position":"center center","background-size":"auto","background-attachment":"scroll","background-type":"","background-media":"","overlay-type":"","overlay-color":"","overlay-opacity":"","overlay-gradient":""}},"ast-content-background-meta":{"desktop":{"background-color":"var(--ast-global-color-5)","background-image":"","background-repeat":"repeat","background-position":"center center","background-size":"auto","background-attachment":"scroll","background-type":"","background-media":"","overlay-type":"","overlay-color":"","overlay-opacity":"","overlay-gradient":""},"tablet":{"background-color":"var(--ast-global-color-5)","background-image":"","background-repeat":"repeat","background-position":"center center","background-size":"auto","background-attachment":"scroll","background-type":"","background-media":"","overlay-type":"","overlay-color":"","overlay-opacity":"","overlay-gradient":""},"mobile":{"background-color":"var(--ast-global-color-5)","background-image":"","background-repeat":"repeat","background-position":"center center","background-size":"auto","background-attachment":"scroll","background-type":"","background-media":"","overlay-type":"","overlay-color":"","overlay-opacity":"","overlay-gradient":""}}},"product_brand":[],"product_cat":[19],"product_tag":[],"class_list":{"0":"post-4231","1":"product","2":"type-product","3":"status-publish","4":"has-post-thumbnail","6":"product_cat-women","7":"desktop-align-left","8":"tablet-align-left","9":"mobile-align-left","11":"first","12":"instock","13":"sale","14":"shipping-taxable","15":"purchasable","16":"product-type-simple"},"jetpack_sharing_enabled":true,"_links":{"self":[{"href":"https:\/\/renda-perfumes.anmka.com\/ar\/wp-json\/wp\/v2\/product\/4231","targetHints":{"allow":["GET"]}}],"collection":[{"href":"https:\/\/renda-perfumes.anmka.com\/ar\/wp-json\/wp\/v2\/product"}],"about":[{"href":"https:\/\/renda-perfumes.anmka.com\/ar\/wp-json\/wp\/v2\/types\/product"}],"replies":[{"embeddable":true,"href":"https:\/\/renda-perfumes.anmka.com\/ar\/wp-json\/wp\/v2\/comments?post=4231"}],"version-history":[{"count":1,"href":"https:\/\/renda-perfumes.anmka.com\/ar\/wp-json\/wp\/v2\/product\/4231\/revisions"}],"predecessor-version":[{"id":4233,"href":"https:\/\/renda-perfumes.anmka.com\/ar\/wp-json\/wp\/v2\/product\/4231\/revisions\/4233"}],"wp:featuredmedia":[{"embeddable":true,"href":"https:\/\/renda-perfumes.anmka.com\/ar\/wp-json\/wp\/v2\/media\/4232"}],"wp:attachment":[{"href":"https:\/\/renda-perfumes.anmka.com\/ar\/wp-json\/wp\/v2\/media?parent=4231"}],"wp:term":[{"taxonomy":"product_brand","embeddable":true,"href":"https:\/\/renda-perfumes.anmka.com\/ar\/wp-json\/wp\/v2\/product_brand?post=4231"},{"taxonomy":"product_cat","embeddable":true,"href":"https:\/\/renda-perfumes.anmka.com\/ar\/wp-json\/wp\/v2\/product_cat?post=4231"},{"taxonomy":"product_tag","embeddable":true,"href":"https:\/\/renda-perfumes.anmka.com\/ar\/wp-json\/wp\/v2\/product_tag?post=4231"}],"curies":[{"name":"wp","href":"https:\/\/api.w.org\/{rel}","templated":true}]}}